{"id":83,"date":"2019-07-05T03:17:54","date_gmt":"2019-07-05T00:17:54","guid":{"rendered":"http:\/\/tropicana-datca.com\/tropicana\/?page_id=83"},"modified":"2021-05-29T01:43:24","modified_gmt":"2021-05-28T22:43:24","slug":"hikayemiz","status":"publish","type":"page","link":"https:\/\/tropicana-datca.com\/tropicana\/hikayemiz\/","title":{"rendered":"\u0130\u015fte Bu Bizim Hikayemiz"},"content":{"rendered":"<p>Otelimiz Dat\u00e7a&#8217;n\u0131n en eski otellerindendir. Hotel Tropicana, Beyhan Han\u0131m\u0131n eseridir. Altm\u0131\u015fl\u0131 y\u0131llarda, hen\u00fcz yirmili ya\u015flardayken Giresun dar gelir nam-\u0131 di\u011fer Lady Boss&#8217;umuza. \u00c7\u0131kar yollara. D\u00fcnyay\u0131 gezer. Yolu Las Vegas&#8217;a d\u00fc\u015fer. <img loading=\"lazy\" decoding=\"async\" class=\"size-medium wp-image-303 alignleft\" src=\"https:\/\/tropicana-datca.com\/tropicana\/wp-content\/uploads\/2019\/07\/dD-B-SANY0004-300x225.jpg\" alt=\"\" width=\"300\" height=\"225\" srcset=\"https:\/\/tropicana-datca.com\/tropicana\/wp-content\/uploads\/2019\/07\/dD-B-SANY0004-300x225.jpg 300w, https:\/\/tropicana-datca.com\/tropicana\/wp-content\/uploads\/2019\/07\/dD-B-SANY0004-768x576.jpg 768w, https:\/\/tropicana-datca.com\/tropicana\/wp-content\/uploads\/2019\/07\/dD-B-SANY0004-80x60.jpg 80w, https:\/\/tropicana-datca.com\/tropicana\/wp-content\/uploads\/2019\/07\/dD-B-SANY0004.jpg 800w\" sizes=\"auto, (max-width: 300px) 100vw, 300px\" \/>Hotel Tropicana&#8217;da kal\u0131r bir ka\u00e7 g\u00fcn. Sonra do\u011fru Japonya ve ba\u015fka \u00fclkeler. Bavul ticareti de yapar bu ara.<\/p>\r\n<p>Derken yetmi\u015fli y\u0131llarda bir d\u00f6nem Av\u015fa&#8217;da lokanta i\u015fletir e\u015fiyle birlikte. Sonra bir g\u00fcn, hi\u00e7 bilmedi\u011fi, daha \u00f6nceden ad\u0131n\u0131 bile duymad\u0131\u011f\u0131 Dat\u00e7a&#8217;ya yolu d\u00fc\u015fer. Neden mi d\u00fc\u015fer? D\u00fc\u015fer i\u015fte. Marmaris&#8217;e gezmeye gelmi\u015ftir. R\u00fczgar da onlar\u0131 Dat\u00e7a&#8217;ya atm\u0131\u015ft\u0131r. \u00d6nce \u015fimdiki otelin yan\u0131ndaki eve bir g\u00f6r\u00fc\u015fte a\u015f\u0131k olur. Fazla d\u00fc\u015f\u00fcnmeden, hesap kitap yapmadan evi hemen sat\u0131n al\u0131r. Tekrar Av\u015fa&#8217;ya d\u00f6nm\u00fc\u015fse de akl\u0131 Dat\u00e7a&#8217;da kal\u0131r. Derken, 1977&#8217;de evin \u00f6n\u00fcndeki arsay\u0131 da sat\u0131n al\u0131p bug\u00fcnk\u00fc Oteli yapt\u0131r\u0131r.<\/p>\r\n<!-- \/wp:post-content -->\r\n\r\n<!-- wp:paragraph -->\r\n<p><img loading=\"lazy\" decoding=\"async\" class=\"wp-image-301 alignleft\" src=\"https:\/\/tropicana-datca.com\/tropicana\/wp-content\/uploads\/2019\/07\/dD-B-SANY0046-300x225.jpg\" alt=\"\" width=\"305\" height=\"229\" srcset=\"https:\/\/tropicana-datca.com\/tropicana\/wp-content\/uploads\/2019\/07\/dD-B-SANY0046-300x225.jpg 300w, https:\/\/tropicana-datca.com\/tropicana\/wp-content\/uploads\/2019\/07\/dD-B-SANY0046-768x576.jpg 768w, https:\/\/tropicana-datca.com\/tropicana\/wp-content\/uploads\/2019\/07\/dD-B-SANY0046-80x60.jpg 80w, https:\/\/tropicana-datca.com\/tropicana\/wp-content\/uploads\/2019\/07\/dD-B-SANY0046.jpg 800w\" sizes=\"auto, (max-width: 305px) 100vw, 305px\" \/><\/p>\r\n<p>Beyhan Han\u0131m uzunca bir s\u00fcre Hotel Tropicana&#8217;y\u0131 i\u015fletmi\u015ftir. O, \u00f6zellikle gen\u00e7li\u011fini ya\u015fad\u0131\u011f\u0131 d\u00f6nemde,\u00a0 bir kad\u0131n olarak kendi kaderini kendi \u00e7izen az say\u0131daki kad\u0131nlar\u0131m\u0131zdan biridir. Ne giri\u015fimci ruhuna gem vurmu\u015ftur ne de \u00f6zg\u00fcrl\u00fc\u011f\u00fcne vurdurtmu\u015ftur.<br \/>\u00a0<br \/>\u015eimdi a\u015f\u0131k oldu\u011fu evin teras\u0131nda oturup kahvesini yudumlarken, Otelde ya\u015fad\u0131\u011f\u0131 g\u00fczel g\u00fcnleri hat\u0131rlamaya \u00e7al\u0131\u015fmakta, aras\u0131ra y\u00fcz\u00fcnde nedenini s\u00f6ylemedi\u011fi bir g\u00fcl\u00fcmseme belirmektedir. Olsun, s\u00f6ylemesin. Yeter ki hep g\u00fcl\u00fcmsesin.<\/p>","protected":false},"excerpt":{"rendered":"<p>Otelimiz Dat\u00e7a&#8217;n\u0131n en eski otellerindendir. Hotel Tropicana, Beyhan Han\u0131m\u0131n eseridir. Altm\u0131\u015fl\u0131 y\u0131llarda, hen\u00fcz yirmili ya\u015flardayken Giresun dar gelir nam-\u0131 di\u011fer Lady Boss&#8217;umuza. \u00c7\u0131kar yollara. D\u00fcnyay\u0131 gezer. Yolu Las Vegas&#8217;a d\u00fc\u015fer. Hotel Tropicana&#8217;da kal\u0131r bir ka\u00e7 g\u00fcn. Sonra do\u011fru Japonya ve ba\u015fka \u00fclkeler. Bavul ticareti de &hellip; <\/p>\n","protected":false},"author":1,"featured_media":0,"parent":0,"menu_order":0,"comment_status":"closed","ping_status":"closed","template":"","meta":{"footnotes":""},"class_list":["post-83","page","type-page","status-publish","hentry"],"_links":{"self":[{"href":"https:\/\/tropicana-datca.com\/tropicana\/wp-json\/wp\/v2\/pages\/83","targetHints":{"allow":["GET"]}}],"collection":[{"href":"https:\/\/tropicana-datca.com\/tropicana\/wp-json\/wp\/v2\/pages"}],"about":[{"href":"https:\/\/tropicana-datca.com\/tropicana\/wp-json\/wp\/v2\/types\/page"}],"author":[{"embeddable":true,"href":"https:\/\/tropicana-datca.com\/tropicana\/wp-json\/wp\/v2\/users\/1"}],"replies":[{"embeddable":true,"href":"https:\/\/tropicana-datca.com\/tropicana\/wp-json\/wp\/v2\/comments?post=83"}],"version-history":[{"count":16,"href":"https:\/\/tropicana-datca.com\/tropicana\/wp-json\/wp\/v2\/pages\/83\/revisions"}],"predecessor-version":[{"id":604,"href":"https:\/\/tropicana-datca.com\/tropicana\/wp-json\/wp\/v2\/pages\/83\/revisions\/604"}],"wp:attachment":[{"href":"https:\/\/tropicana-datca.com\/tropicana\/wp-json\/wp\/v2\/media?parent=83"}],"curies":[{"name":"wp","href":"https:\/\/api.w.org\/{rel}","templated":true}]}}