{"id":740,"date":"2025-01-16T17:54:51","date_gmt":"2025-01-16T14:54:51","guid":{"rendered":"https:\/\/tropicana-datca.com\/tropicana\/?page_id=740"},"modified":"2025-01-16T17:54:51","modified_gmt":"2025-01-16T14:54:51","slug":"rezervasyon","status":"publish","type":"page","link":"https:\/\/tropicana-datca.com\/tropicana\/rezervasyon\/","title":{"rendered":"Rezervasyon"},"content":{"rendered":"<p>Rezervasyonlar\u0131n\u0131z partnerimiz\u00a0 RESELIVA \u00fczerinden g\u00fcvenli bir \u015fekilde ger\u00e7ekle\u015ftirilmektedir.<br \/>\nBilgilerinizi girdikten sora <a href=\"https:\/\/www.reseliva.com\/booknow\/Hotel-Tropicana\/\" target=\"_blank\" rel=\"noopener\">reseliva.com<\/a> sitesine y\u00f6nlendirileceksiniz.<\/p>\n<div id=\"reseliva-widget\"><a class=\"powered_by\" href=\"https:\/\/www.reseliva.com\/\">Reseliva Rezervasyon Motoru<\/a><\/div>\n<p><script>\n(function(d, s, id){var js, fjs = d.getElementsByTagName(s)[0];if (d.getElementById(id)) {return;}js = d.createElement(s); js.id = id;js.src = \"https:\/\/www.reseliva.com\/ReselivaWidget\/JS\/rw_script.js?010224\";fjs.parentNode.insertBefore(js, fjs);}(document, 'script', 'reseliva_widget'));\nlet RW = {\"type\":\"bar\",\n\"hotelUrl\":[\"Hotel-Tropicana\"],\n\"lang\":\"tr\",\n\"title\" : true,\n\"currency\" : \"TRY\",\n\"method\" : \"POST\",\n\"target\" : \"_blank\"};\n<\/script><\/p>\n<p><a href=\"https:\/\/www.reseliva.com\/booknow\/Hotel-Tropicana\/\" target=\"_blank\" rel=\"noopener\"><img loading=\"lazy\" decoding=\"async\" class=\"wp-image-748 aligncenter\" src=\"https:\/\/tropicana-datca.com\/tropicana\/wp-content\/uploads\/2025\/01\/reseliva_logo-150x84.png\" alt=\"\" width=\"118\" height=\"66\" \/><\/a><\/p>\n","protected":false},"excerpt":{"rendered":"<p>Rezervasyonlar\u0131n\u0131z partnerimiz\u00a0 RESELIVA \u00fczerinden g\u00fcvenli bir \u015fekilde ger\u00e7ekle\u015ftirilmektedir. Bilgilerinizi girdikten sora reseliva.com sitesine y\u00f6nlendirileceksiniz. Reseliva Rezervasyon Motoru<\/p>\n","protected":false},"author":1,"featured_media":0,"parent":0,"menu_order":0,"comment_status":"closed","ping_status":"closed","template":"","meta":{"footnotes":""},"class_list":["post-740","page","type-page","status-publish","hentry"],"_links":{"self":[{"href":"https:\/\/tropicana-datca.com\/tropicana\/wp-json\/wp\/v2\/pages\/740","targetHints":{"allow":["GET"]}}],"collection":[{"href":"https:\/\/tropicana-datca.com\/tropicana\/wp-json\/wp\/v2\/pages"}],"about":[{"href":"https:\/\/tropicana-datca.com\/tropicana\/wp-json\/wp\/v2\/types\/page"}],"author":[{"embeddable":true,"href":"https:\/\/tropicana-datca.com\/tropicana\/wp-json\/wp\/v2\/users\/1"}],"replies":[{"embeddable":true,"href":"https:\/\/tropicana-datca.com\/tropicana\/wp-json\/wp\/v2\/comments?post=740"}],"version-history":[{"count":42,"href":"https:\/\/tropicana-datca.com\/tropicana\/wp-json\/wp\/v2\/pages\/740\/revisions"}],"predecessor-version":[{"id":787,"href":"https:\/\/tropicana-datca.com\/tropicana\/wp-json\/wp\/v2\/pages\/740\/revisions\/787"}],"wp:attachment":[{"href":"https:\/\/tropicana-datca.com\/tropicana\/wp-json\/wp\/v2\/media?parent=740"}],"curies":[{"name":"wp","href":"https:\/\/api.w.org\/{rel}","templated":true}]}}