{"id":668,"date":"2023-12-28T02:18:08","date_gmt":"2023-12-27T23:18:08","guid":{"rendered":"https:\/\/tropicana-datca.com\/tropicana\/?page_id=668"},"modified":"2026-04-07T14:18:44","modified_gmt":"2026-04-07T11:18:44","slug":"odalarimiz","status":"publish","type":"page","link":"https:\/\/tropicana-datca.com\/tropicana\/odalarimiz\/","title":{"rendered":"Odalar\u0131m\u0131z"},"content":{"rendered":"<p><em>Sade ve temiz odalar\u0131m\u0131zda; klima, televizyon ve baz\u0131lar\u0131nda buzdolab\u0131, tuvaletlerimizde; du\u015f ve sa\u00e7 kurutma makinam\u0131z vard\u0131r.<\/em><\/p>\n<p>&nbsp;<\/p>\n<style type=\"text\/css\">\n#foogallery-gallery-667.fg-masonry { --fg-gutter: 10px; }<\/style>\n\t\t\t<style type=\"text\/css\">\n#foogallery-gallery-667_1.fg-masonry { --fg-gutter: 10px; }<\/style>\n\t\t\t<div class=\"foogallery foogallery-container foogallery-masonry foogallery-lightbox-none fg-center fg-masonry fg-ready fg-dark fg-border-thin fg-shadow-small fg-loading-default fg-loaded-fade-in fg-captions-bottom fg-hover-fade fg-hover-plus fg-col2\" id=\"foogallery-gallery-667_1\" data-foogallery=\"{&quot;item&quot;:{&quot;showCaptionTitle&quot;:true,&quot;showCaptionDescription&quot;:false},&quot;lazy&quot;:true}\" style=\"--fg-title-line-clamp: 0; --fg-description-line-clamp: 0;\" >\n\t\t<div class=\"fg-column-width\"><\/div>\n\t<div class=\"fg-gutter-width\"><\/div>\n\t\t<div class=\"fg-item fg-type-image fg-idle\"><figure class=\"fg-item-inner\"><a data-caption-title=\"Odalar\u0131m\u0131z rahat\" data-attachment-id=\"680\" data-type=\"image\" class=\"fg-thumb\"><span class=\"fg-image-wrap\"><img fetchpriority=\"high\" decoding=\"async\" alt=\"Odalar\u0131m\u0131z rahat\" title=\"Odalar\u0131m\u0131z rahat\" width=\"500\" height=\"262\" class=\"skip-lazy fg-image\" data-src-fg=\"https:\/\/tropicana-datca.com\/tropicana\/wp-content\/uploads\/cache\/2023\/12\/Oda_4_Hotel-Tropicana\/3541384741.jpg\" src=\"data:image\/svg+xml,%3Csvg%20xmlns%3D%22http%3A%2F%2Fwww.w3.org%2F2000%2Fsvg%22%20width%3D%22500%22%20height%3D%22262%22%20viewBox%3D%220%200%20500%20262%22%3E%3C%2Fsvg%3E\" loading=\"eager\"><\/span><span class=\"fg-image-overlay\"><\/span><\/a><figcaption class=\"fg-caption\"><div class=\"fg-caption-inner\"><div class=\"fg-caption-title\">Odalar\u0131m\u0131z rahat<\/div><\/div><\/figcaption><\/figure><div class=\"fg-loader\"><\/div><\/div><div class=\"fg-item fg-type-image fg-idle\"><figure class=\"fg-item-inner\"><a data-caption-title=\"Odalar\u0131m\u0131z sade\" data-attachment-id=\"682\" data-type=\"image\" class=\"fg-thumb\"><span class=\"fg-image-wrap\"><img decoding=\"async\" alt=\"Odalar\u0131m\u0131z sade\" width=\"500\" height=\"281\" class=\"skip-lazy fg-image\" data-src-fg=\"https:\/\/tropicana-datca.com\/tropicana\/wp-content\/uploads\/cache\/2023\/12\/Oda-1_Hotel-Tropicana\/1547600067.jpg\" src=\"data:image\/svg+xml,%3Csvg%20xmlns%3D%22http%3A%2F%2Fwww.w3.org%2F2000%2Fsvg%22%20width%3D%22500%22%20height%3D%22281%22%20viewBox%3D%220%200%20500%20281%22%3E%3C%2Fsvg%3E\" loading=\"eager\"><\/span><span class=\"fg-image-overlay\"><\/span><\/a><figcaption class=\"fg-caption\"><div class=\"fg-caption-inner\"><div class=\"fg-caption-title\">Odalar\u0131m\u0131z sade<\/div><\/div><\/figcaption><\/figure><div class=\"fg-loader\"><\/div><\/div><div class=\"fg-item fg-type-image fg-idle\"><figure class=\"fg-item-inner\"><a data-caption-title=\"Odalar\u0131m\u0131z temiz\" data-attachment-id=\"683\" data-type=\"image\" class=\"fg-thumb\"><span class=\"fg-image-wrap\"><img decoding=\"async\" alt=\"Odalar\u0131m\u0131z temiz\" width=\"500\" height=\"281\" class=\"skip-lazy fg-image\" data-src-fg=\"https:\/\/tropicana-datca.com\/tropicana\/wp-content\/uploads\/cache\/2023\/12\/Oda3_Hotel-Tropicana\/3355713467.jpg\" src=\"data:image\/svg+xml,%3Csvg%20xmlns%3D%22http%3A%2F%2Fwww.w3.org%2F2000%2Fsvg%22%20width%3D%22500%22%20height%3D%22281%22%20viewBox%3D%220%200%20500%20281%22%3E%3C%2Fsvg%3E\" loading=\"eager\"><\/span><span class=\"fg-image-overlay\"><\/span><\/a><figcaption class=\"fg-caption\"><div class=\"fg-caption-inner\"><div class=\"fg-caption-title\">Odalar\u0131m\u0131z temiz<\/div><\/div><\/figcaption><\/figure><div class=\"fg-loader\"><\/div><\/div><div class=\"fg-item fg-type-image fg-idle\"><figure class=\"fg-item-inner\"><a data-caption-title=\"Odalar\u0131m\u0131z i\u015flevsel\" data-attachment-id=\"679\" data-type=\"image\" class=\"fg-thumb\"><span class=\"fg-image-wrap\"><img decoding=\"async\" alt=\"Odalar\u0131m\u0131z i\u015flevsel\" width=\"500\" height=\"889\" class=\"skip-lazy fg-image\" data-src-fg=\"https:\/\/tropicana-datca.com\/tropicana\/wp-content\/uploads\/cache\/2023\/12\/Oda_2_Hotel-Tropicana\/2549091833.jpg\" src=\"data:image\/svg+xml,%3Csvg%20xmlns%3D%22http%3A%2F%2Fwww.w3.org%2F2000%2Fsvg%22%20width%3D%22500%22%20height%3D%22889%22%20viewBox%3D%220%200%20500%20889%22%3E%3C%2Fsvg%3E\" loading=\"eager\"><\/span><span class=\"fg-image-overlay\"><\/span><\/a><figcaption class=\"fg-caption\"><div class=\"fg-caption-inner\"><div class=\"fg-caption-title\">Odalar\u0131m\u0131z i\u015flevsel<\/div><\/div><\/figcaption><\/figure><div class=\"fg-loader\"><\/div><\/div><div class=\"fg-item fg-type-image fg-idle\"><figure class=\"fg-item-inner\"><a data-caption-title=\"Odalar\u0131m\u0131z m\u00fcstakil\" data-attachment-id=\"681\" data-type=\"image\" class=\"fg-thumb\"><span class=\"fg-image-wrap\"><img decoding=\"async\" alt=\"Odalar\u0131m\u0131z m\u00fcstakil\" width=\"500\" height=\"281\" class=\"skip-lazy fg-image\" data-src-fg=\"https:\/\/tropicana-datca.com\/tropicana\/wp-content\/uploads\/cache\/2023\/12\/Oda_7_Hotel-Tropicana\/3644252105.jpg\" src=\"data:image\/svg+xml,%3Csvg%20xmlns%3D%22http%3A%2F%2Fwww.w3.org%2F2000%2Fsvg%22%20width%3D%22500%22%20height%3D%22281%22%20viewBox%3D%220%200%20500%20281%22%3E%3C%2Fsvg%3E\" loading=\"eager\"><\/span><span class=\"fg-image-overlay\"><\/span><\/a><figcaption class=\"fg-caption\"><div class=\"fg-caption-inner\"><div class=\"fg-caption-title\">Odalar\u0131m\u0131z m\u00fcstakil<\/div><\/div><\/figcaption><\/figure><div class=\"fg-loader\"><\/div><\/div><\/div>\n","protected":false},"excerpt":{"rendered":"<p>Sade ve temiz odalar\u0131m\u0131zda; klima, televizyon ve baz\u0131lar\u0131nda buzdolab\u0131, tuvaletlerimizde; du\u015f ve sa\u00e7 kurutma makinam\u0131z vard\u0131r. &nbsp;<\/p>\n","protected":false},"author":1,"featured_media":0,"parent":0,"menu_order":0,"comment_status":"closed","ping_status":"closed","template":"","meta":{"footnotes":""},"class_list":["post-668","page","type-page","status-publish","hentry"],"_links":{"self":[{"href":"https:\/\/tropicana-datca.com\/tropicana\/wp-json\/wp\/v2\/pages\/668","targetHints":{"allow":["GET"]}}],"collection":[{"href":"https:\/\/tropicana-datca.com\/tropicana\/wp-json\/wp\/v2\/pages"}],"about":[{"href":"https:\/\/tropicana-datca.com\/tropicana\/wp-json\/wp\/v2\/types\/page"}],"author":[{"embeddable":true,"href":"https:\/\/tropicana-datca.com\/tropicana\/wp-json\/wp\/v2\/users\/1"}],"replies":[{"embeddable":true,"href":"https:\/\/tropicana-datca.com\/tropicana\/wp-json\/wp\/v2\/comments?post=668"}],"version-history":[{"count":6,"href":"https:\/\/tropicana-datca.com\/tropicana\/wp-json\/wp\/v2\/pages\/668\/revisions"}],"predecessor-version":[{"id":675,"href":"https:\/\/tropicana-datca.com\/tropicana\/wp-json\/wp\/v2\/pages\/668\/revisions\/675"}],"wp:attachment":[{"href":"https:\/\/tropicana-datca.com\/tropicana\/wp-json\/wp\/v2\/media?parent=668"}],"curies":[{"name":"wp","href":"https:\/\/api.w.org\/{rel}","templated":true}]}}