{"id":618,"date":"2023-12-23T20:37:29","date_gmt":"2023-12-23T17:37:29","guid":{"rendered":"https:\/\/tropicana-datca.com\/tropicana\/?page_id=618"},"modified":"2023-12-27T12:08:52","modified_gmt":"2023-12-27T09:08:52","slug":"cookie-richtlinie-eu","status":"publish","type":"page","link":"https:\/\/tropicana-datca.com\/tropicana\/cookie-richtlinie-eu\/","title":{"rendered":"\u00c7erezler Hakk\u0131nda"},"content":{"rendered":"<p><strong>\u00c7EREZLER HAKKINDA B\u0130LG\u0130LEND\u0130RME<\/strong><\/p>\n<p>1. GENEL B\u0130LG\u0130<br \/>\nHOTEL TROP\u0130CANA\/DAT\u00c7A, tropicana-datca.com ve www.hoteltropicana.info adreslerinde yer alan internet sitemize, elektronik platformlar\u0131m\u0131za ve size g\u00f6nderdi\u011fimiz elektronik posta iletilerine veya reklamlara eri\u015fim s\u0131ras\u0131nda kulland\u0131\u011f\u0131n\u0131z bilgisayar, cep telefonu, tablet ve benzeri cihazlar\u0131n\u0131za belirli verilerin kaydedilmesini ve toplanmas\u0131n\u0131 sa\u011flayan \u00e7erez veya flash cookies, web i\u015faret\u00e7ileri ve piksel tag gibi teknolojiler kullanabiliriz. Bu metinde HOTEL TROP\u0130CANA\/DAT\u00c7A taraf\u0131ndan kullan\u0131labilecek \u00e7erez ve benzeri teknolojileri ifade etmek \u00fczere \u201c\u00e7erez\u201d ifadesi kullan\u0131lm\u0131\u015ft\u0131r.<br \/>\n\u00c7erezler arac\u0131l\u0131\u011f\u0131 ile kullan\u0131c\u0131lar\u0131n ki\u015fisel verilerinin toplanmas\u0131 m\u00fcmk\u00fcn olmakla birlikte, \u00e7erezler arac\u0131l\u0131\u011f\u0131yla toplanan her t\u00fcrl\u00fc veri ki\u015fisel veri niteli\u011fi ta\u015f\u0131mayabilir. \u00c7erezler arac\u0131l\u0131\u011f\u0131yla elde edilen verilerin T\u00fcrk hukuku \u00e7er\u00e7evesinde ki\u015fisel veri niteli\u011finde olmas\u0131 halinde bu metin, Ki\u015fisel Bilgilerin Korunmas\u0131 ve Gizlilik Politikas Metni\u2019nin ekini olu\u015fturmaktad\u0131r.<\/p>\n<p>2. \u00c7EREZLERLE \u0130LG\u0130L\u0130 B\u0130LG\u0130<br \/>\n\u00c7erezler, taray\u0131c\u0131lar i\u00e7erisinde bilgisayar\u0131n sabit diskinde saklanan k\u00fc\u00e7\u00fck bilgilerdir. Ziyaret edilen internet sitesinin kullan\u0131lmas\u0131 esnas\u0131nda ziyaret\u00e7ilere ki\u015fiselle\u015ftirilmi\u015f bir deneyim sunmak ve sunulan hizmetleri geli\u015ftirmek, deneyimleri iyile\u015ftirmek i\u00e7in kullan\u0131l\u0131r. Bir internet sitesi i\u00e7erisinde gezinirken kullan\u0131m kolayl\u0131\u011f\u0131na katk\u0131da bulunabilir.<\/p>\n<p>3. \u00c7EREZ \u00c7E\u015e\u0130TLER\u0130<br \/>\n\u00c7erezler s\u00fcre bak\u0131m\u0131ndan veya ait olduklar\u0131 alan ad\u0131na g\u00f6re kategorize edilebilmektedir.<br \/>\n1. \u00c7erezler, s\u00fcre bak\u0131m\u0131ndan s\u0131n\u0131fland\u0131r\u0131lmalar\u0131 durumunda, \u201coturum \u00e7erezleri\u201d ve \u201ckal\u0131c\u0131 \u00e7erezler\u201d olmak \u00fczere ikiye ayr\u0131lmaktad\u0131r:<br \/>\na) Kal\u0131c\u0131 \u00e7erezler: Kal\u0131c\u0131 \u00e7erezler, \u00f6nceden belirlenen sabit bir s\u00fcre boyunca eri\u015fim s\u0131ras\u0131nda kullan\u0131c\u0131 taraf\u0131ndan kullan\u0131lan bilgisayar veya di\u011fer cihazlara kaydedilir ve oturum veya uygulama kapand\u0131\u011f\u0131nda kendili\u011finden silinmez. Kal\u0131c\u0131 \u00e7erezler birden fazla oturumda kim oldu\u011funuzu hat\u0131rlamam\u0131z gerekti\u011finde kullan\u0131l\u0131r. Bu t\u00fcr \u00e7erezlerin amac\u0131, ziyaret\u00e7ilere daha h\u0131zl\u0131 ve iyi bir hizmet sunarak site i\u015flevselli\u011fini artt\u0131rmakt\u0131r.<br \/>\nb) Oturum \u00e7erezleri: Oturum \u00e7erezleri, \u0130nternet Sitesinin veya \u015eirket\u2019in di\u011fer uygulama veya ortamlar\u0131n\u0131n ziyaret edildi\u011fi her bir oturumda kullan\u0131l\u0131r ve Siteden veya uygulamadan \u00e7\u0131k\u0131lmas\u0131yla birlikte kendili\u011finden silinirler. Bu t\u00fcr \u00e7erezlerin amac\u0131, ziyaretin s\u00fcreklili\u011fini ve g\u00fcvenlili\u011fini sa\u011flamakt\u0131r.<br \/>\n2. \u00c7erezler ait olduklar\u0131 alan ad\u0131na g\u00f6re s\u0131n\u0131fland\u0131r\u0131lmalar\u0131 durumunda ise ili\u015fkili taraf \u00e7erezi ve \u00fc\u00e7\u00fcnc\u00fc ki\u015fi \u00e7erezi olmak \u00fczere ikiye ayr\u0131l\u0131r:<br \/>\na) \u00dc\u00e7\u00fcnc\u00fc ki\u015fi \u00e7erezi: \u00dc\u00e7\u00fcnc\u00fc ki\u015fi \u00e7erezleri, ziyaret edilen farkl\u0131 bir alan taraf\u0131ndan yerle\u015ftirilen \u00e7erezleri ifade eder. Ziyaret edilen alan d\u0131\u015f\u0131ndaki ki\u015filerin, ziyaret edilen alan \u00fczerinden kullan\u0131c\u0131 cihaz\u0131na \u00e7erez yerle\u015ftirmeleri durumunda \u00fc\u00e7\u00fcnc\u00fc ki\u015fi \u00e7erezi s\u00f6z konusudur.<br \/>\nb) \u0130li\u015fkili taraf \u00e7erezi: \u0130li\u015fkili taraf \u00e7erezleri, ziyaret edilen alan taraf\u0131ndan internet sitesine yerle\u015ftirilen ve sadece bu site taraf\u0131ndan okunabilen \u00e7erezleri ifade eder.<\/p>\n<p>4. \u00c7EREZLER\u0130N KULLANIM AMA\u00c7LARI<br \/>\nHOTEL TROP\u0130CANA\/DAT\u00c7A olarak, internet sitelerimizde, platformlar\u0131m\u0131zda, uygulamalar\u0131m\u0131zda, reklam ve iletilerimizde kulland\u0131\u011f\u0131m\u0131z \u00e7erezlerden, a\u015fa\u011f\u0131da belirtilen ama\u00e7lar \u00e7er\u00e7evesinde faydalanabilmekteyiz:<br \/>\n1) \u0130\u015flevselli\u011fe y\u00f6nelik kullan\u0131mlar: \u0130nternet sitelerimizin, platformlar\u0131m\u0131z\u0131n, uygulamalar\u0131m\u0131z\u0131n veya hizmetlerimizin kullan\u0131m\u0131n\u0131 kolayla\u015ft\u0131rmak veya bunlar\u0131 kullan\u0131c\u0131lar\u0131m\u0131z i\u00e7in \u00f6zelle\u015ftirmek amac\u0131yla gerekli \u00e7erezleri kullanabiliriz. \u0130\u015flevsellik amac\u0131yla kullanan \u00e7erezlere, kullan\u0131c\u0131 bilgilerini ve tercihlerini hat\u0131rlamam\u0131z\u0131 sa\u011flayan teknolojiler \u00f6rnek g\u00f6sterilebilir.<br \/>\n2) Operasyonel ama\u00e7l\u0131 kullan\u0131mlar: \u0130nternet sitelerimizin, platformlar\u0131m\u0131z\u0131n, uygulamalar\u0131m\u0131z\u0131n veya hizmetlerimizin denetim ve g\u00fcvenli\u011fi i\u00e7in gerekli g\u00f6r\u00fclen \u00e7erezleri kullanabiliriz. Operasyonel ama\u00e7lar i\u00e7in kullan\u0131lan \u00e7erezlere \u00f6rnek olarak internetsitesi, uygulama ve platformlarda yer alan fonksiyonlardan yararlan\u0131lmas\u0131na olanak tan\u0131yan teknolojiler ile bu mecralardak d\u00fczensiz davran\u0131\u015flar\u0131 tespit etmek i\u00e7in kullan\u0131lan \u00e7erezler g\u00f6sterilebilir.<br \/>\n3) Reklam ama\u00e7l\u0131 kullan\u0131mlar: \u015eirket\u2019e veya \u00fc\u00e7\u00fcnc\u00fc ki\u015filere ait internet sitesi, platform ve uygulamalar \u00fczerinden, kullan\u0131c\u0131lar\u0131n ilgi alanlar\u0131na y\u00f6nelik reklam ve benzeri i\u00e7erikleri iletmek amac\u0131 ile ili\u015fkili taraf \u00e7erezleri ve \u00fc\u00e7\u00fcnc\u00fc ki\u015fi \u00e7erezleri kullanabiliriz.Reklam ama\u00e7l\u0131 kullan\u0131mlara \u00f6rnek olarak, reklamlar\u0131n etkinli\u011fini \u00f6l\u00e7en \u00e7erezler ile belirli bir reklama t\u0131klan\u0131p t\u0131klanmad\u0131\u011f\u0131n\u0131 veya reklam\u0131n ka\u00e7 kere g\u00f6r\u00fcnt\u00fclendi\u011fini g\u00f6steren \u00e7erezler g\u00f6sterilebilir.<br \/>\n4) Performansa y\u00f6nelik kullan\u0131mlar: \u0130nternet sitelerimize, platformlar\u0131m\u0131za, uygulamalar\u0131m\u0131za veya hizmetlerimize ili\u015fkin performans\u0131n art\u0131r\u0131lmas\u0131 ve \u00f6l\u00e7\u00fclmesi amac\u0131yla da gerekli \u00e7erezleri kullanabiliriz. Bu ama\u00e7la kullan\u0131lan \u00e7erezlere \u00f6rnek olarak; kullan\u0131c\u0131lar\u0131n internet sitelerimizi, uygulamalar\u0131m\u0131z\u0131, platformlar\u0131m\u0131z\u0131 ve hizmetlerimizi nas\u0131l kulland\u0131\u011f\u0131n\u0131 anlamam\u0131z\u0131 ve kullan\u0131c\u0131 davran\u0131\u015flar\u0131n\u0131 analiz etmemizi sa\u011flayan \u00e7erezler ile g\u00f6nderdi\u011fimiz iletiler ile etkile\u015fime ge\u00e7ilip ge\u00e7ilmedi\u011fini anlamam\u0131za imk\u00e2n veren teknolojiler g\u00f6sterilebilir.<\/p>\n<p>5. \u00c7EREZLER\u0130 REDDETME VE S\u0130LME<br \/>\n\u00c7o\u011fu taray\u0131c\u0131 (Browser) varsay\u0131lan olarak \u00e7erezleri otomatik olarak kabul etmeye ayarl\u0131d\u0131r. Ancak, kullan\u0131c\u0131lar diledikleri zaman taray\u0131c\u0131 ayarlar\u0131n\u0131 de\u011fi\u015ftirerek \u00e7erezleri reddedebilir veya silebilir. Ayarlar\u0131n de\u011fi\u015ftirilmesi y\u00f6ntemi kullan\u0131lan taray\u0131c\u0131ya g\u00f6re de\u011fi\u015fmekte olup, \u00e7erezlerin nas\u0131l devre d\u0131\u015f\u0131 b\u0131rak\u0131labilece\u011finin kullan\u0131lan taray\u0131c\u0131ya ili\u015fkin hizmet sa\u011flay\u0131c\u0131dan \u00f6\u011frenilmesi gerekmektedir. Genellikle a\u015fa\u011f\u0131da belirtilen y\u00f6ntemlerle \u00e7erezleri reddedebilirsiniz:<br \/>\n&#8211; Taray\u0131c\u0131n\u0131z\u0131n ayarlar\u0131n\u0131 \u00e7erez ald\u0131\u011f\u0131n\u0131zda bildirecek \u015fekilde de\u011fi\u015ftirmek,<br \/>\n&#8211; Mevcut \u00e7erezleri devre d\u0131\u015f\u0131 b\u0131rakmak,<br \/>\n&#8211; Taray\u0131c\u0131n\u0131z\u0131 otomatik olarak \u00e7erezleri reddedecek \u015fekilde ayarlamak.<\/p>\n<p>\u00c7erezlerin devre d\u0131\u015f\u0131 b\u0131rak\u0131lmas\u0131 durumunda web sitelerimiz, uygulamalar\u0131m\u0131z, platformlar\u0131m\u0131z veya hizmetlerimizin baz\u0131 \u00f6zelliklerinden yararlanman\u0131z\u0131n m\u00fcmk\u00fcn olmayabilece\u011fini vurgulamak isteriz. Baz\u0131 belli ba\u015fl\u0131 taray\u0131c\u0131lar\u0131n (Browser) ayarlar\u0131n\u0131 \u015fu belirilen linklerden istedi\u011finiz gibi de\u011fi\u015ftirebilirsiniz. Belirtti\u011fimiz linklerin g\u00fcncell\u011finden sorumlu de\u011filiz. Taray\u0131c\u0131n\u0131z\u0131n ayarlar k\u0131sm\u0131na da g\u00f6z at\u0131n\u0131z.<\/p>\n<p>&#8211; Internet Explorer https:\/\/support.microsoft.com\/en-us\/help\/17442\/windows-internet-explorer-delete-manage-cookies<br \/>\n&#8211; Mozilla Firefox http:\/\/support.mozilla.com\/en-US\/kb\/Cookies<br \/>\n&#8211; Google Chrome http:\/\/www.google.com\/support\/chrome\/bin\/answer.py?hl=en&amp;answer=95647<br \/>\n&#8211; Microsoft Edge https:\/\/support.microsoft.com\/tr-tr\/help\/17442\/windows-internet-explorer-delete-manage-cookies<br \/>\n&#8211; Safari https:\/\/support.apple.com\/kb\/ph19214?<br \/>\n&#8211; Opera http:\/\/www.opera.com\/browser\/tutorials\/security\/privacy\/<\/p>\n<p>6.YETK\u0130L\u0130 H\u0130ZMET SA\u011eLAYICILAR \u0130LE \u0130LG\u0130L\u0130 B\u0130LG\u0130<br \/>\nHOTEL TROP\u0130CANA\/DAT\u00c7A olarak web sitemiz\u0131, platformlar\u0131m\u0131z\u0131n, uygulamalar\u0131m\u0131z\u0131n ve hizmetlerimizin y\u00fcr\u00fct\u00fclmesi ve tan\u0131t\u0131m\u0131 hususlar\u0131nda taraf\u0131m\u0131zca yetkilendirilen baz\u0131 hizmet sa\u011flay\u0131c\u0131lardan yard\u0131m alabiliriz. \u015eirketimizin yetkilendirdi\u011fi bu hizmet sa\u011flay\u0131c\u0131lar da kullan\u0131c\u0131lar\u0131n bilgisayar\u0131na ve di\u011fer cihazlar\u0131na \u00e7erezler ve benzeri teknolojiler (\u00fc\u00e7\u00fcnc\u00fc ki\u015fi \u00e7erezleri) yerle\u015ftirebilir ve kullan\u0131c\u0131 cihaz\u0131n\u0131 tespit etmeye y\u00f6nelik IP adresi, benzersiz tan\u0131mlay\u0131c\u0131 (unique identifier) ve cihaz tan\u0131mlay\u0131c\u0131 gibi bilgileri toplayabilir.<\/p>\n<p>7. HOTEL TROP\u0130CANA\/DAT\u00c7A TARAFINDAN KULLANILAN \u00c7EREZLER<br \/>\nHOTEL TROP\u0130CANA \/ DAT\u00c7A taraf\u0131ndan kullan\u0131lan operasyonel, i\u015flevsel ve performansal \u00e7erezler;<\/p>\n<p>&#8211; \u0130nternet sitesi aray\u00fcz\u00fcn\u00fcn ve \u00f6zelliklerinin arzu edildi\u011fi gibi kullan\u0131lmas\u0131 i\u00e7in zorunludur.<br \/>\n&#8211; Bilgisayar\u0131n\u0131za zarar vermez, vir\u00fcs i\u00e7ermez.<br \/>\n&#8211; Web sitemizin ziyaret\u00e7iler taraf\u0131ndan nas\u0131l kullan\u0131ld\u0131\u011f\u0131n\u0131 anlamam\u0131z\u0131 sa\u011flayarak, istatistiki verileri bir araya getirmemize ve bu veriler do\u011frultusunda i\u00e7erik geli\u015ftirmemize yard\u0131mc\u0131 olur.<br \/>\n&#8211; Hi\u00e7bir ko\u015fulda kimli\u011finizi tan\u0131mlayabilece\u011fimiz verileri toplamaz, saklamaz ve i\u015flememizi sa\u011flamaz, ki\u015fisel veri niteli\u011fi ta\u015f\u0131maz.<br \/>\n&#8211; Gelecekte bulunaca\u011f\u0131n\u0131z ziyaretler s\u0131ras\u0131ndaki faaliyetleri h\u0131zland\u0131rman\u0131z\u0131 sa\u011flar.<\/p>\n<p>Reklamc\u0131l\u0131k ve hedefleme \u00e7erezleri ise reklamlar\u0131 ki\u015fiselle\u015ftirmek ve site ziyaret\u00e7i trafi\u011fini analiz etmek amac\u0131yla, temel hak ve \u00f6zg\u00fcrl\u00fcklerinize zarar vermemek kayd\u0131yla me\u015fru \u00e7\u0131karlar\u0131m\u0131z kapsam\u0131nda ve gerekli hukuki taahh\u00fctleri al\u0131nm\u0131\u015f olarak kullan\u0131lmaktad\u0131r. Ki\u015fisel Bilgilerin Korunmas\u0131 ve Gizlilik Politikas\u0131 Metni\u2019ni de okuman\u0131z\u0131 \u00f6neririz.<\/p>\n<p>8. \u00dc\u00c7\u00dcNC\u00dc K\u0130\u015e\u0130LERE A\u0130T S\u0130TE, \u00dcR\u00dcN VE H\u0130ZMETLERLE \u0130LG\u0130L\u0130 B\u0130LG\u0130<br \/>\n\u0130nternet sitelerimiz, platformlar\u0131m\u0131z veya uygulamalar\u0131m\u0131z \u00fc\u00e7\u00fcnc\u00fc ki\u015filere ait internet siteleri, \u00fcr\u00fcn ve hizmetlere ili\u015fkin \u00e7e\u015fitli linkler i\u00e7erebilir. S\u00f6z konusu linkler, \u00fc\u00e7\u00fcnc\u00fc ki\u015filere ait \u00e7erez ve gizlilik politikalar\u0131na tabi olup, \u00fc\u00e7\u00fcnc\u00fc ki\u015filer ve \u00fc\u00e7\u00fcnc\u00fc ki\u015filere ait sitelerin HOTEL TROP\u0130CANA\/DAT\u00c7A\u2019dan ba\u011f\u0131ms\u0131z oldu\u011fu ve HOTEL TROP\u0130CANA\/DAT\u00c7A\u2019n\u0131n \u00fc\u00e7\u00fcnc\u00fc ki\u015filerin \u00e7erez ve gizlilik uygulamalar\u0131ndan sorumlu olmad\u0131\u011f\u0131n\u0131n fark\u0131nda olunmal\u0131d\u0131r. Link verilen internet sitelerinin ziyaret edilmesi durumunda, bu sitelere ait \u00e7erez ve gizlilik politikalar\u0131n\u0131n okunmas\u0131n\u0131 ivedelikle \u00f6neririz.<\/p>\n<p>Ayr\u0131ca; <a href=\"https:\/\/tropicana-datca.com\/tropicana\/?page_id=3\">Ki\u015fisel Bilgilerin Korunmas\u0131 ve Gizlilik Politikas\u0131<\/a>\u00a0 sayafam\u0131z\u0131 da bak\u0131n\u0131z!<\/p>\n<p><strong> \u0130leti\u015fim<\/strong><br \/>\ntropicana-datca.com sitesinde uygulanan gizlilik politikas\u0131 ile ilgili; her t\u00fcrl\u00fc soru, g\u00f6r\u00fc\u015f ve d\u00fc\u015f\u00fcncelerinizi bize info@tropicana-datca.com adresinden iletebilirsiniz.<\/p>\n<p><strong>Hotel Tropicana<br \/>\n<\/strong>\u0130skele Mahallesi<br \/>\n36. Sokak No:2<br \/>\nTR-48900 Dat\u00e7a\/Mu\u011fla<br \/>\nTelefon: 0252 712 39 30<br \/>\ninfo@tropicana-datca.com<strong><br \/>\n<\/strong>www.tropicana-datca.com<br \/>\nwww.hoteltropicana.info<\/p>\n","protected":false},"excerpt":{"rendered":"<p>\u00c7EREZLER HAKKINDA B\u0130LG\u0130LEND\u0130RME 1. GENEL B\u0130LG\u0130 HOTEL TROP\u0130CANA\/DAT\u00c7A, tropicana-datca.com ve www.hoteltropicana.info adreslerinde yer alan internet sitemize, elektronik platformlar\u0131m\u0131za ve size g\u00f6nderdi\u011fimiz elektronik posta iletilerine veya reklamlara eri\u015fim s\u0131ras\u0131nda kulland\u0131\u011f\u0131n\u0131z bilgisayar, cep telefonu, tablet ve benzeri cihazlar\u0131n\u0131za belirli verilerin kaydedilmesini ve toplanmas\u0131n\u0131 sa\u011flayan \u00e7erez veya flash &hellip; <\/p>\n","protected":false},"author":1,"featured_media":0,"parent":0,"menu_order":0,"comment_status":"closed","ping_status":"closed","template":"","meta":{"footnotes":""},"class_list":["post-618","page","type-page","status-publish","hentry"],"_links":{"self":[{"href":"https:\/\/tropicana-datca.com\/tropicana\/wp-json\/wp\/v2\/pages\/618","targetHints":{"allow":["GET"]}}],"collection":[{"href":"https:\/\/tropicana-datca.com\/tropicana\/wp-json\/wp\/v2\/pages"}],"about":[{"href":"https:\/\/tropicana-datca.com\/tropicana\/wp-json\/wp\/v2\/types\/page"}],"author":[{"embeddable":true,"href":"https:\/\/tropicana-datca.com\/tropicana\/wp-json\/wp\/v2\/users\/1"}],"replies":[{"embeddable":true,"href":"https:\/\/tropicana-datca.com\/tropicana\/wp-json\/wp\/v2\/comments?post=618"}],"version-history":[{"count":5,"href":"https:\/\/tropicana-datca.com\/tropicana\/wp-json\/wp\/v2\/pages\/618\/revisions"}],"predecessor-version":[{"id":624,"href":"https:\/\/tropicana-datca.com\/tropicana\/wp-json\/wp\/v2\/pages\/618\/revisions\/624"}],"wp:attachment":[{"href":"https:\/\/tropicana-datca.com\/tropicana\/wp-json\/wp\/v2\/media?parent=618"}],"curies":[{"name":"wp","href":"https:\/\/api.w.org\/{rel}","templated":true}]}}