{"id":3,"date":"2019-07-04T00:04:48","date_gmt":"2019-07-03T22:04:48","guid":{"rendered":"http:\/\/tropicana-datca.com\/tropicana\/?page_id=3"},"modified":"2023-12-27T12:14:23","modified_gmt":"2023-12-27T09:14:23","slug":"gizlilik","status":"publish","type":"page","link":"https:\/\/tropicana-datca.com\/tropicana\/gizlilik\/","title":{"rendered":"Ki\u015fisel Bilgilerin Korunmas\u0131 ve Gizlilik Politikas\u0131"},"content":{"rendered":"<p>tropicana-datca.com sitesi olarak ki\u015fisel gizlilik haklar\u0131n\u0131za sayg\u0131 duyuyor ve sitemizde ge\u00e7irdi\u011finiz s\u00fcre zarf\u0131nda bunu sa\u011flamak i\u00e7in \u00e7aba sarfediyoruz. Ki\u015fisel bilgilerinizin g\u00fcvenli\u011fi ile ilgili konular a\u015fa\u011f\u0131da a\u00e7\u0131klanm\u0131\u015f ve bilginize sunulmu\u015ftur.<\/p>\n<p><strong>Kay\u0131t Dosyalar\u0131<\/strong><br \/>\nBir\u00e7ok standard web sunucusunda oldu\u011fu gibi tropicana-datca.com istatistiksel ama\u00e7l\u0131 log dosyalar\u0131 kayd\u0131 tutmaktad\u0131r. Bu dosyalar; IP adresiniz, internet servis sa\u011flay\u0131c\u0131n\u0131z, taray\u0131c\u0131n\u0131z\u0131n \u00f6zellikleri, i\u015fletim sisteminiz ve siteye giri\u015f-\u00e7\u0131k\u0131\u015f sayfalar\u0131n\u0131z gibi standard bilgileri i\u00e7ermektedir. Log dosyalar\u0131 kesinlikle istatistiksel ama\u00e7lar d\u0131\u015f\u0131nda kullan\u0131lmamakta ve mahremiyetinizi ihlal etmemektedir. IP adresiniz ve di\u011fer bilgiler, \u015fahsi bilgileriniz ile ili\u015fkilendirilmemektedir.<\/p>\n<p><strong>E-Posta G\u00fcvenli\u011fi ve E-Posta \u0130leti\u015fim<\/strong><br \/>\nBize g\u00f6nderece\u011finiz e-postalarda, asla kredi kart\u0131 numaran\u0131z\u0131 veya \u015fifrelerinizi yazmay\u0131n\u0131z. E-postalarda yer alan bilgiler \u00fc\u00e7\u00fcnc\u00fc \u015fah\u0131slar taraf\u0131ndan g\u00f6r\u00fclebilir. Firmam\u0131z e-postalar\u0131n\u0131zdan aktar\u0131lan bilgilerin g\u00fcvenli\u011fini hi\u00e7bir ko\u015fulda garanti edemez. E-posta adresinizi sadece sizinle ileti\u015fim ve sadece sitemizin size y\u00f6nelik do\u011frudan yapaca\u011f\u0131 reklam \u00e7al\u0131\u015fmalar\u0131 i\u00e7in kullanaca\u011f\u0131z. E-Posta adresinizi \u00fc\u00e7\u00fcnc\u00fc \u015fah\u0131slara vermiyor veya satm\u0131yoruz. E-postalar\u0131m\u0131zdan rahats\u0131z olursan\u0131z, info@tropicana-datca.com adresine k\u0131sa bir mesaj ge\u00e7meniz yeterlidir.<\/p>\n<p><strong>Reklamlar<\/strong><br \/>\nSitemizde d\u0131\u015far\u0131dan \u015firketlerin reklamlar\u0131n\u0131n\u0131 yay\u0131nlayabiliriz (Google, v.s.). Bu reklamlar \u00e7erez (cookies) i\u00e7erebilir ve bu \u015firketler taraf\u0131ndan \u00e7erez bilgileri toplanabilir ve bizim bu bilgiye ula\u015fmam\u0131z m\u00fcmk\u00fcn de\u011fildir. L\u00fctfen ilgili reklam \u015firketlerinin sayfalar\u0131ndan gizlilik s\u00f6zle\u015fmelerini okuyunuz.<\/p>\n<p><strong>\u00c7erezler (Cookies)<br \/>\n<\/strong> \u201cCookie \u2013 \u00c7erez\u201d kelimesi web sayfas\u0131 sunucusunun sizin bilgisayar\u0131n\u0131z\u0131n hard diskine yerle\u015ftirdi\u011fi ufak bir metin dosyas\u0131n\u0131 tan\u0131mlamak i\u00e7in kullan\u0131lmaktad\u0131r. Sitemizde kullan\u0131c\u0131 kolayl\u0131\u011f\u0131 sa\u011flamak i\u00e7in \u00e7erez kullan\u0131yoruz. Ayr\u0131ca sitede mevcut bulunan reklamlar arac\u0131l\u0131\u011f\u0131yla, reklam verilerinin toplanmas\u0131 i\u00e7in cookie ve web beacon kullan\u0131l\u0131yor olabilir. Bu tamamen sizin izninizle ger\u00e7ekle\u015fiyor olup, iste\u011finiz dahilinde internet taray\u0131c\u0131n\u0131z\u0131n ayarlar\u0131n\u0131 de\u011fi\u015ftirerek bunu engellemeniz m\u00fcmk\u00fcnd\u00fcr.<\/p>\n<p>\u00c7erezlerle ilgili daha geni\u015f bilgiyi <a href=\"https:\/\/tropicana-datca.com\/tropicana\/?page_id=618\">\u00c7erezler Hakk\u0131nda<\/a> adl\u0131 sayfam\u0131zda bulabilirsiniz.<\/p>\n<p><strong>D\u0131\u015f Ba\u011flant\u0131lar<\/strong><br \/>\ntropicana-datca.com\u00a0 sitesi, sayfalar\u0131ndan farkl\u0131 internet adreslerine ba\u011flant\u0131 verebilir. tropicana-datca.com link verdi\u011fi, banner tan\u0131t\u0131m\u0131n\u0131 yapt\u0131\u011f\u0131 sitelerin i\u00e7eriklerinden veya gizlilik prensiplerinden sorumlu de\u011fildir. Burada bahsedilen ba\u011flant\u0131 verme i\u015flemi, hukuki olarak \u201cat\u0131fta bulunma\u201d olarak de\u011ferlendirilmektedir.<\/p>\n<p><strong> \u0130leti\u015fim<\/strong><br \/>\ntropicana-datca.com sitesinde uygulanan gizlilik politikas\u0131 ile ilgili; her t\u00fcrl\u00fc soru, g\u00f6r\u00fc\u015f ve d\u00fc\u015f\u00fcncelerinizi bize info@tropicana-datca.com adresinden iletebilirsiniz.<\/p>\n<p><strong>Hotel Tropicana<br \/>\n<\/strong>\u0130skele Mahallesi<br \/>\n36. Sokak No:2<br \/>\nTR-48900 Dat\u00e7a\/Mu\u011fla<br \/>\nTelefon: 0252 712 39 30<br \/>\ninfo@tropicana-datca.com<strong><br \/>\n<\/strong>www.tropicana-datca.com<br \/>\nwww.hoteltropicana.info<\/p>\n<p>&nbsp;<\/p>\n<p>&nbsp;<\/p>\n","protected":false},"excerpt":{"rendered":"<p>tropicana-datca.com sitesi olarak ki\u015fisel gizlilik haklar\u0131n\u0131za sayg\u0131 duyuyor ve sitemizde ge\u00e7irdi\u011finiz s\u00fcre zarf\u0131nda bunu sa\u011flamak i\u00e7in \u00e7aba sarfediyoruz. Ki\u015fisel bilgilerinizin g\u00fcvenli\u011fi ile ilgili konular a\u015fa\u011f\u0131da a\u00e7\u0131klanm\u0131\u015f ve bilginize sunulmu\u015ftur. Kay\u0131t Dosyalar\u0131 Bir\u00e7ok standard web sunucusunda oldu\u011fu gibi tropicana-datca.com istatistiksel ama\u00e7l\u0131 log dosyalar\u0131 kayd\u0131 tutmaktad\u0131r. Bu &hellip; <\/p>\n","protected":false},"author":1,"featured_media":0,"parent":0,"menu_order":0,"comment_status":"closed","ping_status":"closed","template":"","meta":{"footnotes":""},"class_list":["post-3","page","type-page","status-publish","hentry"],"_links":{"self":[{"href":"https:\/\/tropicana-datca.com\/tropicana\/wp-json\/wp\/v2\/pages\/3","targetHints":{"allow":["GET"]}}],"collection":[{"href":"https:\/\/tropicana-datca.com\/tropicana\/wp-json\/wp\/v2\/pages"}],"about":[{"href":"https:\/\/tropicana-datca.com\/tropicana\/wp-json\/wp\/v2\/types\/page"}],"author":[{"embeddable":true,"href":"https:\/\/tropicana-datca.com\/tropicana\/wp-json\/wp\/v2\/users\/1"}],"replies":[{"embeddable":true,"href":"https:\/\/tropicana-datca.com\/tropicana\/wp-json\/wp\/v2\/comments?post=3"}],"version-history":[{"count":11,"href":"https:\/\/tropicana-datca.com\/tropicana\/wp-json\/wp\/v2\/pages\/3\/revisions"}],"predecessor-version":[{"id":625,"href":"https:\/\/tropicana-datca.com\/tropicana\/wp-json\/wp\/v2\/pages\/3\/revisions\/625"}],"wp:attachment":[{"href":"https:\/\/tropicana-datca.com\/tropicana\/wp-json\/wp\/v2\/media?parent=3"}],"curies":[{"name":"wp","href":"https:\/\/api.w.org\/{rel}","templated":true}]}}